{"id":4598,"date":"2021-09-13T15:45:25","date_gmt":"2021-09-13T15:45:25","guid":{"rendered":"https:\/\/lsfi.lu\/initiativen-rahmenwerke-standards-tools\/"},"modified":"2025-01-09T13:44:13","modified_gmt":"2025-01-09T13:44:13","slug":"initiativen-rahmenwerke-standards-tools","status":"publish","type":"page","link":"https:\/\/lsfi.lu\/de\/initiativen-rahmenwerke-standards-tools\/","title":{"rendered":"Data Platforms, Frameworks, Networks &#038; Standards"},"content":{"rendered":"[vc_row type=&#8220;full_width_background&#8220; full_screen_row_position=&#8220;middle&#8220; column_margin=&#8220;default&#8220; column_direction=&#8220;default&#8220; column_direction_tablet=&#8220;default&#8220; column_direction_phone=&#8220;default&#8220; bg_color=&#8220;#ffffff&#8220; bg_image=&#8220;2652&#8243; bg_position=&#8220;center center&#8220; background_image_loading=&#8220;default&#8220; bg_repeat=&#8220;no-repeat&#8220; scene_position=&#8220;center&#8220; top_padding=&#8220;14%&#8220; bottom_padding=&#8220;12%&#8220; text_color=&#8220;light&#8220; text_align=&#8220;left&#8220; row_border_radius=&#8220;none&#8220; row_border_radius_applies=&#8220;bg&#8220; overflow=&#8220;visible&#8220; enable_gradient=&#8220;true&#8220; color_overlay=&#8220;#0a0000&#8243; color_overlay_2=&#8220;rgba(10,10,10,0.5)&#8220; overlay_strength=&#8220;0.5&#8243; gradient_direction=&#8220;left_to_right&#8220; shape_divider_color=&#8220;#ffffff&#8220; shape_divider_position=&#8220;bottom&#8220; shape_divider_height=&#8220;350&#8243; bg_image_animation=&#8220;none&#8220; parallax_bg=&#8220;true&#8220; parallax_bg_speed=&#8220;fast&#8220; shape_type=&#8220;waves_opacity_alt&#8220;][vc_column column_padding=&#8220;no-extra-padding&#8220; column_padding_tablet=&#8220;inherit&#8220; column_padding_phone=&#8220;inherit&#8220; column_padding_position=&#8220;all&#8220; column_element_direction_desktop=&#8220;default&#8220; column_element_spacing=&#8220;default&#8220; desktop_text_alignment=&#8220;default&#8220; tablet_text_alignment=&#8220;default&#8220; phone_text_alignment=&#8220;default&#8220; background_color_opacity=&#8220;1&#8243; background_hover_color_opacity=&#8220;1&#8243; column_backdrop_filter=&#8220;none&#8220; column_shadow=&#8220;none&#8220; column_border_radius=&#8220;none&#8220; column_link_target=&#8220;_self&#8220; column_position=&#8220;default&#8220; gradient_direction=&#8220;left_to_right&#8220; overlay_strength=&#8220;0.3&#8243; width=&#8220;1\/1&#8243; tablet_width_inherit=&#8220;default&#8220; animation_type=&#8220;default&#8220; bg_image_animation=&#8220;none&#8220; border_type=&#8220;simple&#8220; column_border_width=&#8220;none&#8220; column_border_style=&#8220;solid&#8220;][vc_row_inner equal_height=&#8220;yes&#8220; content_placement=&#8220;middle&#8220; column_margin=&#8220;default&#8220; column_direction=&#8220;default&#8220; column_direction_tablet=&#8220;default&#8220; column_direction_phone=&#8220;default&#8220; text_align=&#8220;left&#8220; row_position=&#8220;default&#8220; row_position_tablet=&#8220;inherit&#8220; row_position_phone=&#8220;inherit&#8220; overflow=&#8220;visible&#8220; pointer_events=&#8220;all&#8220;][vc_column_inner column_padding=&#8220;no-extra-padding&#8220; column_padding_tablet=&#8220;inherit&#8220; column_padding_phone=&#8220;inherit&#8220; column_padding_position=&#8220;all&#8220; column_element_direction_desktop=&#8220;default&#8220; column_element_spacing=&#8220;default&#8220; desktop_text_alignment=&#8220;default&#8220; tablet_text_alignment=&#8220;default&#8220; phone_text_alignment=&#8220;default&#8220; background_color_opacity=&#8220;1&#8243; background_hover_color_opacity=&#8220;1&#8243; column_backdrop_filter=&#8220;none&#8220; column_shadow=&#8220;none&#8220; column_border_radius=&#8220;none&#8220; column_link_target=&#8220;_self&#8220; overflow=&#8220;visible&#8220; gradient_direction=&#8220;left_to_right&#8220; overlay_strength=&#8220;0.3&#8243; width=&#8220;1\/2&#8243; tablet_width_inherit=&#8220;default&#8220; animation_type=&#8220;default&#8220; enable_animation=&#8220;true&#8220; animation=&#8220;reveal-from-bottom&#8220; animation_easing=&#8220;default&#8220; bg_image_animation=&#8220;none&#8220; border_type=&#8220;simple&#8220; column_border_width=&#8220;none&#8220; column_border_style=&#8220;solid&#8220; offset=&#8220;vc_col-lg-6 vc_col-md-6 vc_col-xs-12&#8243;][vc_custom_heading text=&#8220;Instruments to help you navigate your sustainable finance journey.&#8220; font_container=&#8220;tag:p|text_align:left&#8220; use_theme_fonts=&#8220;yes&#8220;][split_line_heading animation_type=&#8220;default&#8220;]\n<h2>Resource Hub &#8211; <strong><span style=\"caret-color: #003366;\">Data Platforms, Frameworks, Networks &amp; <\/span>Standards<\/strong><\/h2>\n[\/split_line_heading][\/vc_column_inner][vc_column_inner column_padding=&#8220;no-extra-padding&#8220; column_padding_tablet=&#8220;inherit&#8220; column_padding_phone=&#8220;inherit&#8220; column_padding_position=&#8220;all&#8220; column_element_direction_desktop=&#8220;default&#8220; column_element_spacing=&#8220;default&#8220; desktop_text_alignment=&#8220;default&#8220; tablet_text_alignment=&#8220;default&#8220; phone_text_alignment=&#8220;default&#8220; background_color_opacity=&#8220;1&#8243; background_hover_color_opacity=&#8220;1&#8243; column_backdrop_filter=&#8220;none&#8220; column_shadow=&#8220;none&#8220; column_border_radius=&#8220;none&#8220; column_link_target=&#8220;_self&#8220; overflow=&#8220;visible&#8220; gradient_direction=&#8220;left_to_right&#8220; overlay_strength=&#8220;0.3&#8243; width=&#8220;1\/4&#8243; tablet_width_inherit=&#8220;default&#8220; animation_type=&#8220;default&#8220; bg_image_animation=&#8220;none&#8220; border_type=&#8220;simple&#8220; column_border_width=&#8220;none&#8220; column_border_style=&#8220;solid&#8220; offset=&#8220;vc_hidden-sm vc_hidden-xs&#8220;][\/vc_column_inner][vc_column_inner column_padding=&#8220;padding-6-percent&#8220; column_padding_tablet=&#8220;inherit&#8220; column_padding_phone=&#8220;inherit&#8220; column_padding_position=&#8220;bottom&#8220; column_element_direction_desktop=&#8220;default&#8220; column_element_spacing=&#8220;default&#8220; desktop_text_alignment=&#8220;default&#8220; tablet_text_alignment=&#8220;default&#8220; phone_text_alignment=&#8220;default&#8220; background_color_opacity=&#8220;1&#8243; background_hover_color_opacity=&#8220;1&#8243; column_backdrop_filter=&#8220;none&#8220; column_shadow=&#8220;none&#8220; column_border_radius=&#8220;none&#8220; column_link_target=&#8220;_self&#8220; overflow=&#8220;visible&#8220; gradient_direction=&#8220;left_to_right&#8220; overlay_strength=&#8220;0.3&#8243; width=&#8220;1\/4&#8243; tablet_width_inherit=&#8220;default&#8220; animation_type=&#8220;default&#8220; enable_animation=&#8220;true&#8220; animation=&#8220;fade-in-from-bottom&#8220; animation_easing=&#8220;default&#8220; bg_image_animation=&#8220;none&#8220; border_type=&#8220;simple&#8220; column_border_width=&#8220;none&#8220; column_border_style=&#8220;solid&#8220; offset=&#8220;vc_col-xs-12&#8243;][\/vc_column_inner][\/vc_row_inner][\/vc_column][\/vc_row][vc_row type=&#8220;in_container&#8220; full_screen_row_position=&#8220;middle&#8220; column_margin=&#8220;default&#8220; column_direction=&#8220;default&#8220; column_direction_tablet=&#8220;default&#8220; column_direction_phone=&#8220;default&#8220; scene_position=&#8220;center&#8220; text_color=&#8220;dark&#8220; text_align=&#8220;left&#8220; row_border_radius=&#8220;none&#8220; row_border_radius_applies=&#8220;bg&#8220; overflow=&#8220;visible&#8220; overlay_strength=&#8220;0.3&#8243; gradient_direction=&#8220;left_to_right&#8220; shape_divider_position=&#8220;bottom&#8220; bg_image_animation=&#8220;none&#8220;][vc_column column_padding=&#8220;no-extra-padding&#8220; column_padding_tablet=&#8220;inherit&#8220; column_padding_phone=&#8220;inherit&#8220; column_padding_position=&#8220;all&#8220; column_element_direction_desktop=&#8220;default&#8220; column_element_spacing=&#8220;default&#8220; desktop_text_alignment=&#8220;default&#8220; tablet_text_alignment=&#8220;default&#8220; phone_text_alignment=&#8220;default&#8220; background_color_opacity=&#8220;1&#8243; background_hover_color_opacity=&#8220;1&#8243; column_backdrop_filter=&#8220;none&#8220; column_shadow=&#8220;none&#8220; column_border_radius=&#8220;none&#8220; column_link_target=&#8220;_self&#8220; column_position=&#8220;default&#8220; gradient_direction=&#8220;left_to_right&#8220; overlay_strength=&#8220;0.3&#8243; width=&#8220;1\/1&#8243; tablet_width_inherit=&#8220;default&#8220; animation_type=&#8220;default&#8220; bg_image_animation=&#8220;none&#8220; border_type=&#8220;simple&#8220; column_border_width=&#8220;none&#8220; column_border_style=&#8220;solid&#8220;][page_submenu alignment=&#8220;left&#8220; sticky=&#8220;true&#8220; bg_color=&#8220;#ffffff&#8220; link_color=&#8220;#223983&#8243;][page_link title=&#8220;Zur\u00fcck zur Ressourcen-Hub Homepage&#8220; id=&#8220;1736430231444-3&#8243; tab_id=&#8220;1736430231445-9&#8243; link_url=&#8220;https:\/\/lsfi.lu\/de\/finanzfachleute\/&#8220;][\/page_link][page_link link_url=&#8220;https:\/\/lsfi.lu\/de\/tools\/&#8220; title=&#8220;Datenplattformen&#8220; id=&#8220;1736430231477-7&#8243; tab_id=&#8220;1736430231478-4&#8243;] [\/page_link][page_link link_url=&#8220;https:\/\/lsfi.lu\/de\/rahmenwerke\/&#8220; title=&#8220;Rahmenwerke&#8220; id=&#8220;1736430231487-2&#8243; tab_id=&#8220;1736430231487-3&#8243;] [\/page_link][page_link link_url=&#8220;https:\/\/lsfi.lu\/de\/initiativen\/&#8220; title=&#8220;Networks&#8220; id=&#8220;1736430231495-7&#8243; tab_id=&#8220;1736430231496-1&#8243;] [\/page_link][page_link title=&#8220;Standards&#8220; id=&#8220;1736430231506-2&#8243; tab_id=&#8220;1736430231507-7&#8243; link_url=&#8220;https:\/\/lsfi.lu\/de\/standards\/&#8220;][\/page_link][\/page_submenu][divider line_type=&#8220;No Line&#8220; custom_height=&#8220;20&#8243;][vc_column_text]\n<div><span style=\"color: #003366; font-size: 14pt;\"><span style=\"caret-color: #003366;\"><b>Was sind das f\u00fcr Instrumente?<\/b><\/span><\/span><\/div>\n<div><\/div>\n[\/vc_column_text][vc_row_inner column_margin=&#8220;default&#8220; column_direction=&#8220;default&#8220; column_direction_tablet=&#8220;default&#8220; column_direction_phone=&#8220;default&#8220; text_align=&#8220;left&#8220; row_position=&#8220;default&#8220; row_position_tablet=&#8220;inherit&#8220; row_position_phone=&#8220;inherit&#8220; overflow=&#8220;visible&#8220; pointer_events=&#8220;all&#8220;][vc_column_inner column_padding=&#8220;no-extra-padding&#8220; column_padding_tablet=&#8220;inherit&#8220; column_padding_phone=&#8220;inherit&#8220; column_padding_position=&#8220;all&#8220; column_element_direction_desktop=&#8220;default&#8220; column_element_spacing=&#8220;default&#8220; desktop_text_alignment=&#8220;default&#8220; tablet_text_alignment=&#8220;default&#8220; phone_text_alignment=&#8220;default&#8220; background_color_opacity=&#8220;1&#8243; background_hover_color_opacity=&#8220;1&#8243; column_backdrop_filter=&#8220;none&#8220; column_shadow=&#8220;none&#8220; column_border_radius=&#8220;none&#8220; column_link_target=&#8220;_self&#8220; overflow=&#8220;visible&#8220; gradient_direction=&#8220;left_to_right&#8220; overlay_strength=&#8220;0.3&#8243; width=&#8220;1\/1&#8243; tablet_width_inherit=&#8220;default&#8220; animation_type=&#8220;default&#8220; bg_image_animation=&#8220;none&#8220; border_type=&#8220;simple&#8220; column_border_width=&#8220;none&#8220; column_border_style=&#8220;solid&#8220;][vc_column_text]\n<div>\n<p><span style=\"color: #003366;\"><strong>Datenplattformen, Frameworks, Netzwerke und Standards<\/strong><\/span> sind verschiedene Instrumente, die Verm\u00f6gensverwaltern, Verm\u00f6gensinhabern, Finanzinstituten und anderen Finanzakteuren zur Verf\u00fcgung stehen. Einige von ihnen bieten kollaborative Unterst\u00fctzung und Leitlinien, um die Integration von Umwelt-, Sozial- und Governance-Kriterien (ESG) in der gesamten Organisation und im Investitionsprozess zu erleichtern. Andere helfen dabei, auf wissenschaftlichen Daten basierende Messungen und Berichte zu erstellen. Die folgende Grafik zeigt, wie diese Instrumente genutzt werden k\u00f6nnen.<\/p>\n<\/div>\n<div><\/div>\n<div><\/div>\n[\/vc_column_text][divider line_type=&#8220;No Line&#8220; custom_height=&#8220;20&#8243;][image_with_animation image_url=&#8220;18144&#8243; image_size=&#8220;full&#8220; animation_type=&#8220;entrance&#8220; animation=&#8220;Fade In&#8220; animation_easing=&#8220;default&#8220; animation_movement_type=&#8220;transform_y&#8220; hover_animation=&#8220;none&#8220; alignment=&#8220;center&#8220; border_radius=&#8220;none&#8220; box_shadow=&#8220;none&#8220; image_loading=&#8220;default&#8220; max_width=&#8220;custom&#8220; margin_top=&#8220;15&#8243; margin_bottom=&#8220;15&#8243; max_width_custom=&#8220;85%&#8220;][\/vc_column_inner][\/vc_row_inner][divider line_type=&#8220;No Line&#8220; custom_height=&#8220;30&#8243;][vc_column_text]\n<div><span style=\"color: #003366;\"><strong><span style=\"font-size: 14pt;\">Wie und wann k\u00f6nnen diese Instrumente genutzt werden?<\/span><\/strong><\/span><\/div>\n<div><\/div>\n[\/vc_column_text][divider line_type=&#8220;No Line&#8220; custom_height=&#8220;15&#8243;][vc_column_text]Jedes Instrument hat seinen eigenen Zweck und seine spezifischen Ziele.<br \/>\nJedes richtet sich an einen bestimmten Bereich einer Organisation oder eine spezifische Phase des Investitionsentscheidungsprozesses. Daher erg\u00e4nzen sie sich gegenseitig und k\u00f6nnen gleichzeitig genutzt werden. Finanzakteure k\u00f6nnen sich entscheiden, mehr als eines dieser Instrumente zu nutzen und\/oder sich dazu zu verpflichten, abh\u00e4ngig von ihrer Gr\u00f6\u00dfe, Strategie oder ihren Nachhaltigkeitszielen.<\/p>\n<p>Die folgende Grafik zeigt, wo jedes Instrument in einer Organisation eingesetzt werden kann.[\/vc_column_text][image_with_animation image_url=&#8220;18140&#8243; image_size=&#8220;full&#8220; animation_type=&#8220;entrance&#8220; animation=&#8220;None&#8220; animation_movement_type=&#8220;transform_y&#8220; hover_animation=&#8220;none&#8220; alignment=&#8220;&#8220; border_radius=&#8220;none&#8220; box_shadow=&#8220;none&#8220; image_loading=&#8220;default&#8220; max_width=&#8220;100%&#8220; max_width_mobile=&#8220;default&#8220;][divider line_type=&#8220;No Line&#8220; custom_height=&#8220;20&#8243;][\/vc_column][\/vc_row]\n","protected":false},"excerpt":{"rendered":"<p>[vc_row type=&#8220;full_width_background&#8220; full_screen_row_position=&#8220;middle&#8220; column_margin=&#8220;default&#8220; column_direction=&#8220;default&#8220; column_direction_tablet=&#8220;default&#8220; column_direction_phone=&#8220;default&#8220; bg_color=&#8220;#ffffff&#8220; bg_image=&#8220;2652&#8243; bg_position=&#8220;center center&#8220; background_image_loading=&#8220;default&#8220; bg_repeat=&#8220;no-repeat&#8220; scene_position=&#8220;center&#8220; top_padding=&#8220;14%&#8220; bottom_padding=&#8220;12%&#8220; text_color=&#8220;light&#8220; text_align=&#8220;left&#8220; row_border_radius=&#8220;none&#8220; row_border_radius_applies=&#8220;bg&#8220; overflow=&#8220;visible&#8220; enable_gradient=&#8220;true&#8220; color_overlay=&#8220;#0a0000&#8243; color_overlay_2=&#8220;rgba(10,10,10,0.5)&#8220; overlay_strength=&#8220;0.5&#8243; gradient_direction=&#8220;left_to_right&#8220; shape_divider_color=&#8220;#ffffff&#8220; shape_divider_position=&#8220;bottom&#8220; shape_divider_height=&#8220;350&#8243; bg_image_animation=&#8220;none&#8220;&#8230;<\/p>\n","protected":false},"author":3,"featured_media":0,"parent":0,"menu_order":0,"comment_status":"closed","ping_status":"closed","template":"","meta":{"_acf_changed":false,"inline_featured_image":false,"footnotes":""},"class_list":["post-4598","page","type-page","status-publish"],"acf":[],"yoast_head":"<!-- This site is optimized with the Yoast SEO plugin v27.4 - https:\/\/yoast.com\/product\/yoast-seo-wordpress\/ -->\n<title>Data Platforms, Frameworks, Networks &amp; Standards - LSFI<\/title>\n<meta name=\"robots\" content=\"index, follow, max-snippet:-1, max-image-preview:large, max-video-preview:-1\" \/>\n<link rel=\"canonical\" href=\"https:\/\/lsfi.lu\/de\/initiativen-rahmenwerke-standards-tools\/\" \/>\n<meta property=\"og:locale\" content=\"de_DE\" \/>\n<meta property=\"og:type\" content=\"article\" \/>\n<meta property=\"og:title\" content=\"Data Platforms, Frameworks, Networks &amp; Standards - LSFI\" \/>\n<meta property=\"og:description\" content=\"[vc_row type=&#8220;full_width_background&#8220; full_screen_row_position=&#8220;middle&#8220; column_margin=&#8220;default&#8220; column_direction=&#8220;default&#8220; column_direction_tablet=&#8220;default&#8220; column_direction_phone=&#8220;default&#8220; bg_color=&#8220;#ffffff&#8220; bg_image=&#8220;2652&#8243; bg_position=&#8220;center center&#8220; background_image_loading=&#8220;default&#8220; bg_repeat=&#8220;no-repeat&#8220; scene_position=&#8220;center&#8220; top_padding=&#8220;14%&#8220; bottom_padding=&#8220;12%&#8220; text_color=&#8220;light&#8220; text_align=&#8220;left&#8220; row_border_radius=&#8220;none&#8220; row_border_radius_applies=&#8220;bg&#8220; overflow=&#8220;visible&#8220; enable_gradient=&#8220;true&#8220; color_overlay=&#8220;#0a0000&#8243; color_overlay_2=&#8220;rgba(10,10,10,0.5)&#8220; overlay_strength=&#8220;0.5&#8243; gradient_direction=&#8220;left_to_right&#8220; shape_divider_color=&#8220;#ffffff&#8220; shape_divider_position=&#8220;bottom&#8220; shape_divider_height=&#8220;350&#8243; bg_image_animation=&#8220;none&#8220;...\" \/>\n<meta property=\"og:url\" content=\"https:\/\/lsfi.lu\/de\/initiativen-rahmenwerke-standards-tools\/\" \/>\n<meta property=\"og:site_name\" content=\"LSFI\" \/>\n<meta property=\"article:modified_time\" content=\"2025-01-09T13:44:13+00:00\" \/>\n<meta name=\"twitter:card\" content=\"summary_large_image\" \/>\n<meta name=\"twitter:label1\" content=\"Gesch\u00e4tzte Lesezeit\" \/>\n\t<meta name=\"twitter:data1\" content=\"3\u00a0Minuten\" \/>\n<script type=\"application\/ld+json\" class=\"yoast-schema-graph\">{\"@context\":\"https:\\\/\\\/schema.org\",\"@graph\":[{\"@type\":\"WebPage\",\"@id\":\"https:\\\/\\\/lsfi.lu\\\/de\\\/initiativen-rahmenwerke-standards-tools\\\/\",\"url\":\"https:\\\/\\\/lsfi.lu\\\/de\\\/initiativen-rahmenwerke-standards-tools\\\/\",\"name\":\"Data Platforms, Frameworks, Networks & Standards - LSFI\",\"isPartOf\":{\"@id\":\"https:\\\/\\\/lsfi.lu\\\/de\\\/#website\"},\"datePublished\":\"2021-09-13T15:45:25+00:00\",\"dateModified\":\"2025-01-09T13:44:13+00:00\",\"breadcrumb\":{\"@id\":\"https:\\\/\\\/lsfi.lu\\\/de\\\/initiativen-rahmenwerke-standards-tools\\\/#breadcrumb\"},\"inLanguage\":\"de\",\"potentialAction\":[{\"@type\":\"ReadAction\",\"target\":[\"https:\\\/\\\/lsfi.lu\\\/de\\\/initiativen-rahmenwerke-standards-tools\\\/\"]}]},{\"@type\":\"BreadcrumbList\",\"@id\":\"https:\\\/\\\/lsfi.lu\\\/de\\\/initiativen-rahmenwerke-standards-tools\\\/#breadcrumb\",\"itemListElement\":[{\"@type\":\"ListItem\",\"position\":1,\"name\":\"Home\",\"item\":\"https:\\\/\\\/lsfi.lu\\\/de\\\/\"},{\"@type\":\"ListItem\",\"position\":2,\"name\":\"Data Platforms, Frameworks, Networks &#038; Standards\"}]},{\"@type\":\"WebSite\",\"@id\":\"https:\\\/\\\/lsfi.lu\\\/de\\\/#website\",\"url\":\"https:\\\/\\\/lsfi.lu\\\/de\\\/\",\"name\":\"Luxembourg Sustainable Finance Initiative\",\"description\":\"Luxembourg Sustainable Finance Initiative\",\"publisher\":{\"@id\":\"https:\\\/\\\/lsfi.lu\\\/de\\\/#organization\"},\"alternateName\":\"LSFI\",\"potentialAction\":[{\"@type\":\"SearchAction\",\"target\":{\"@type\":\"EntryPoint\",\"urlTemplate\":\"https:\\\/\\\/lsfi.lu\\\/de\\\/?s={search_term_string}\"},\"query-input\":{\"@type\":\"PropertyValueSpecification\",\"valueRequired\":true,\"valueName\":\"search_term_string\"}}],\"inLanguage\":\"de\"},{\"@type\":\"Organization\",\"@id\":\"https:\\\/\\\/lsfi.lu\\\/de\\\/#organization\",\"name\":\"Luxembourg Sustainable Finance Initiative\",\"alternateName\":\"LSFI\",\"url\":\"https:\\\/\\\/lsfi.lu\\\/de\\\/\",\"logo\":{\"@type\":\"ImageObject\",\"inLanguage\":\"de\",\"@id\":\"https:\\\/\\\/lsfi.lu\\\/de\\\/#\\\/schema\\\/logo\\\/image\\\/\",\"url\":\"https:\\\/\\\/lsfi.lu\\\/wp-content\\\/uploads\\\/2020\\\/09\\\/lsfi-logo-white.svg\",\"contentUrl\":\"https:\\\/\\\/lsfi.lu\\\/wp-content\\\/uploads\\\/2020\\\/09\\\/lsfi-logo-white.svg\",\"width\":\"1024\",\"height\":\"1024\",\"caption\":\"Luxembourg Sustainable Finance Initiative\"},\"image\":{\"@id\":\"https:\\\/\\\/lsfi.lu\\\/de\\\/#\\\/schema\\\/logo\\\/image\\\/\"},\"sameAs\":[\"https:\\\/\\\/www.linkedin.com\\\/company\\\/luxembourgsustainablefinanceinitiative\\\/?viewAsMember=true\",\"https:\\\/\\\/www.youtube.com\\\/channel\\\/UC8ftKnTkUUrN0F8AtXP_UQQ\"]}]}<\/script>\n<!-- \/ Yoast SEO plugin. -->","yoast_head_json":{"title":"Data Platforms, Frameworks, Networks & Standards - LSFI","robots":{"index":"index","follow":"follow","max-snippet":"max-snippet:-1","max-image-preview":"max-image-preview:large","max-video-preview":"max-video-preview:-1"},"canonical":"https:\/\/lsfi.lu\/de\/initiativen-rahmenwerke-standards-tools\/","og_locale":"de_DE","og_type":"article","og_title":"Data Platforms, Frameworks, Networks & Standards - LSFI","og_description":"[vc_row type=&#8220;full_width_background&#8220; full_screen_row_position=&#8220;middle&#8220; column_margin=&#8220;default&#8220; column_direction=&#8220;default&#8220; column_direction_tablet=&#8220;default&#8220; column_direction_phone=&#8220;default&#8220; bg_color=&#8220;#ffffff&#8220; bg_image=&#8220;2652&#8243; bg_position=&#8220;center center&#8220; background_image_loading=&#8220;default&#8220; bg_repeat=&#8220;no-repeat&#8220; scene_position=&#8220;center&#8220; top_padding=&#8220;14%&#8220; bottom_padding=&#8220;12%&#8220; text_color=&#8220;light&#8220; text_align=&#8220;left&#8220; row_border_radius=&#8220;none&#8220; row_border_radius_applies=&#8220;bg&#8220; overflow=&#8220;visible&#8220; enable_gradient=&#8220;true&#8220; color_overlay=&#8220;#0a0000&#8243; color_overlay_2=&#8220;rgba(10,10,10,0.5)&#8220; overlay_strength=&#8220;0.5&#8243; gradient_direction=&#8220;left_to_right&#8220; shape_divider_color=&#8220;#ffffff&#8220; shape_divider_position=&#8220;bottom&#8220; shape_divider_height=&#8220;350&#8243; bg_image_animation=&#8220;none&#8220;...","og_url":"https:\/\/lsfi.lu\/de\/initiativen-rahmenwerke-standards-tools\/","og_site_name":"LSFI","article_modified_time":"2025-01-09T13:44:13+00:00","twitter_card":"summary_large_image","twitter_misc":{"Gesch\u00e4tzte Lesezeit":"3\u00a0Minuten"},"schema":{"@context":"https:\/\/schema.org","@graph":[{"@type":"WebPage","@id":"https:\/\/lsfi.lu\/de\/initiativen-rahmenwerke-standards-tools\/","url":"https:\/\/lsfi.lu\/de\/initiativen-rahmenwerke-standards-tools\/","name":"Data Platforms, Frameworks, Networks & Standards - LSFI","isPartOf":{"@id":"https:\/\/lsfi.lu\/de\/#website"},"datePublished":"2021-09-13T15:45:25+00:00","dateModified":"2025-01-09T13:44:13+00:00","breadcrumb":{"@id":"https:\/\/lsfi.lu\/de\/initiativen-rahmenwerke-standards-tools\/#breadcrumb"},"inLanguage":"de","potentialAction":[{"@type":"ReadAction","target":["https:\/\/lsfi.lu\/de\/initiativen-rahmenwerke-standards-tools\/"]}]},{"@type":"BreadcrumbList","@id":"https:\/\/lsfi.lu\/de\/initiativen-rahmenwerke-standards-tools\/#breadcrumb","itemListElement":[{"@type":"ListItem","position":1,"name":"Home","item":"https:\/\/lsfi.lu\/de\/"},{"@type":"ListItem","position":2,"name":"Data Platforms, Frameworks, Networks &#038; Standards"}]},{"@type":"WebSite","@id":"https:\/\/lsfi.lu\/de\/#website","url":"https:\/\/lsfi.lu\/de\/","name":"Luxembourg Sustainable Finance Initiative","description":"Luxembourg Sustainable Finance Initiative","publisher":{"@id":"https:\/\/lsfi.lu\/de\/#organization"},"alternateName":"LSFI","potentialAction":[{"@type":"SearchAction","target":{"@type":"EntryPoint","urlTemplate":"https:\/\/lsfi.lu\/de\/?s={search_term_string}"},"query-input":{"@type":"PropertyValueSpecification","valueRequired":true,"valueName":"search_term_string"}}],"inLanguage":"de"},{"@type":"Organization","@id":"https:\/\/lsfi.lu\/de\/#organization","name":"Luxembourg Sustainable Finance Initiative","alternateName":"LSFI","url":"https:\/\/lsfi.lu\/de\/","logo":{"@type":"ImageObject","inLanguage":"de","@id":"https:\/\/lsfi.lu\/de\/#\/schema\/logo\/image\/","url":"https:\/\/lsfi.lu\/wp-content\/uploads\/2020\/09\/lsfi-logo-white.svg","contentUrl":"https:\/\/lsfi.lu\/wp-content\/uploads\/2020\/09\/lsfi-logo-white.svg","width":"1024","height":"1024","caption":"Luxembourg Sustainable Finance Initiative"},"image":{"@id":"https:\/\/lsfi.lu\/de\/#\/schema\/logo\/image\/"},"sameAs":["https:\/\/www.linkedin.com\/company\/luxembourgsustainablefinanceinitiative\/?viewAsMember=true","https:\/\/www.youtube.com\/channel\/UC8ftKnTkUUrN0F8AtXP_UQQ"]}]}},"_links":{"self":[{"href":"https:\/\/lsfi.lu\/de\/wp-json\/wp\/v2\/pages\/4598","targetHints":{"allow":["GET"]}}],"collection":[{"href":"https:\/\/lsfi.lu\/de\/wp-json\/wp\/v2\/pages"}],"about":[{"href":"https:\/\/lsfi.lu\/de\/wp-json\/wp\/v2\/types\/page"}],"author":[{"embeddable":true,"href":"https:\/\/lsfi.lu\/de\/wp-json\/wp\/v2\/users\/3"}],"replies":[{"embeddable":true,"href":"https:\/\/lsfi.lu\/de\/wp-json\/wp\/v2\/comments?post=4598"}],"version-history":[{"count":0,"href":"https:\/\/lsfi.lu\/de\/wp-json\/wp\/v2\/pages\/4598\/revisions"}],"wp:attachment":[{"href":"https:\/\/lsfi.lu\/de\/wp-json\/wp\/v2\/media?parent=4598"}],"curies":[{"name":"wp","href":"https:\/\/api.w.org\/{rel}","templated":true}]}}