{"id":4621,"date":"2022-01-07T16:30:26","date_gmt":"2022-01-07T16:30:26","guid":{"rendered":"https:\/\/lsfi.lu\/lycee-des-art-et-metiers\/"},"modified":"2022-02-24T17:41:15","modified_gmt":"2022-02-24T17:41:15","slug":"lycee-des-art-et-metiers","status":"publish","type":"page","link":"https:\/\/lsfi.lu\/de\/lycee-des-art-et-metiers\/","title":{"rendered":"Lyc\u00e9e des Art et M\u00e9tiers"},"content":{"rendered":"[vc_row type=&#8220;full_width_background&#8220; full_screen_row_position=&#8220;middle&#8220; column_margin=&#8220;default&#8220; column_direction=&#8220;default&#8220; column_direction_tablet=&#8220;default&#8220; column_direction_phone=&#8220;default&#8220; bg_color=&#8220;#ffffff&#8220; bg_image=&#8220;2975&#8243; bg_position=&#8220;center center&#8220; background_image_loading=&#8220;default&#8220; bg_repeat=&#8220;no-repeat&#8220; scene_position=&#8220;center&#8220; top_padding=&#8220;14%&#8220; bottom_padding=&#8220;12%&#8220; text_color=&#8220;light&#8220; text_align=&#8220;left&#8220; row_border_radius=&#8220;none&#8220; row_border_radius_applies=&#8220;bg&#8220; enable_gradient=&#8220;true&#8220; color_overlay=&#8220;#0a0000&#8243; color_overlay_2=&#8220;rgba(10,10,10,0.5)&#8220; overlay_strength=&#8220;0.5&#8243; gradient_direction=&#8220;left_to_right&#8220; shape_divider_color=&#8220;#ffffff&#8220; shape_divider_position=&#8220;bottom&#8220; shape_divider_height=&#8220;350&#8243; bg_image_animation=&#8220;none&#8220; parallax_bg=&#8220;true&#8220; parallax_bg_speed=&#8220;fast&#8220; shape_type=&#8220;waves_opacity_alt&#8220;][vc_column column_padding=&#8220;no-extra-padding&#8220; column_padding_tablet=&#8220;inherit&#8220; column_padding_phone=&#8220;inherit&#8220; column_padding_position=&#8220;all&#8220; column_element_spacing=&#8220;default&#8220; background_color_opacity=&#8220;1&#8243; background_hover_color_opacity=&#8220;1&#8243; column_shadow=&#8220;none&#8220; column_border_radius=&#8220;none&#8220; column_link_target=&#8220;_self&#8220; gradient_direction=&#8220;left_to_right&#8220; overlay_strength=&#8220;0.3&#8243; width=&#8220;1\/1&#8243; tablet_width_inherit=&#8220;default&#8220; tablet_text_alignment=&#8220;default&#8220; phone_text_alignment=&#8220;default&#8220; bg_image_animation=&#8220;none&#8220; border_type=&#8220;simple&#8220; column_border_width=&#8220;none&#8220; column_border_style=&#8220;solid&#8220;][vc_row_inner equal_height=&#8220;yes&#8220; content_placement=&#8220;middle&#8220; column_margin=&#8220;default&#8220; column_direction=&#8220;default&#8220; column_direction_tablet=&#8220;default&#8220; column_direction_phone=&#8220;default&#8220; text_align=&#8220;left&#8220;][vc_column_inner column_padding=&#8220;no-extra-padding&#8220; column_padding_tablet=&#8220;inherit&#8220; column_padding_phone=&#8220;inherit&#8220; column_padding_position=&#8220;all&#8220; column_element_spacing=&#8220;default&#8220; background_color_opacity=&#8220;1&#8243; background_hover_color_opacity=&#8220;1&#8243; column_shadow=&#8220;none&#8220; column_border_radius=&#8220;none&#8220; column_link_target=&#8220;_self&#8220; gradient_direction=&#8220;left_to_right&#8220; overlay_strength=&#8220;0.3&#8243; width=&#8220;1\/2&#8243; tablet_width_inherit=&#8220;default&#8220; bg_image_animation=&#8220;none&#8220; enable_animation=&#8220;true&#8220; animation=&#8220;reveal-from-bottom&#8220; border_type=&#8220;simple&#8220; column_border_width=&#8220;none&#8220; column_border_style=&#8220;solid&#8220; offset=&#8220;vc_col-lg-6 vc_col-md-6 vc_col-xs-12&#8243;][vc_custom_heading text=&#8220;&#8220; font_container=&#8220;tag:p|text_align:left&#8220; use_theme_fonts=&#8220;yes&#8220;][split_line_heading animation_type=&#8220;default&#8220;]\n<h2>Sustainable Development Goals in Luxembourg<\/h2>\n<p>A photo gallery by the Luxembourg Lyc\u00e9e des Art et M\u00e9tiers[\/split_line_heading][\/vc_column_inner][vc_column_inner column_padding=&#8220;no-extra-padding&#8220; column_padding_tablet=&#8220;inherit&#8220; column_padding_phone=&#8220;inherit&#8220; column_padding_position=&#8220;all&#8220; column_element_spacing=&#8220;default&#8220; background_color_opacity=&#8220;1&#8243; background_hover_color_opacity=&#8220;1&#8243; column_shadow=&#8220;none&#8220; column_border_radius=&#8220;none&#8220; column_link_target=&#8220;_self&#8220; gradient_direction=&#8220;left_to_right&#8220; overlay_strength=&#8220;0.3&#8243; width=&#8220;1\/4&#8243; tablet_width_inherit=&#8220;default&#8220; bg_image_animation=&#8220;none&#8220; border_type=&#8220;simple&#8220; column_border_width=&#8220;none&#8220; column_border_style=&#8220;solid&#8220; offset=&#8220;vc_hidden-sm vc_hidden-xs&#8220;][\/vc_column_inner][vc_column_inner column_padding=&#8220;padding-6-percent&#8220; column_padding_tablet=&#8220;inherit&#8220; column_padding_phone=&#8220;inherit&#8220; column_padding_position=&#8220;bottom&#8220; column_element_spacing=&#8220;default&#8220; background_color_opacity=&#8220;1&#8243; background_hover_color_opacity=&#8220;1&#8243; column_shadow=&#8220;none&#8220; column_border_radius=&#8220;none&#8220; column_link_target=&#8220;_self&#8220; gradient_direction=&#8220;left_to_right&#8220; overlay_strength=&#8220;0.3&#8243; width=&#8220;1\/4&#8243; tablet_width_inherit=&#8220;default&#8220; bg_image_animation=&#8220;none&#8220; enable_animation=&#8220;true&#8220; animation=&#8220;fade-in-from-bottom&#8220; border_type=&#8220;simple&#8220; column_border_width=&#8220;none&#8220; column_border_style=&#8220;solid&#8220; offset=&#8220;vc_col-xs-12&#8243;][\/vc_column_inner][\/vc_row_inner][\/vc_column][\/vc_row][vc_row type=&#8220;in_container&#8220; full_screen_row_position=&#8220;middle&#8220; column_margin=&#8220;default&#8220; column_direction=&#8220;default&#8220; column_direction_tablet=&#8220;default&#8220; column_direction_phone=&#8220;default&#8220; scene_position=&#8220;center&#8220; text_color=&#8220;dark&#8220; text_align=&#8220;left&#8220; row_border_radius=&#8220;none&#8220; row_border_radius_applies=&#8220;bg&#8220; overlay_strength=&#8220;0.3&#8243; gradient_direction=&#8220;left_to_right&#8220; shape_divider_position=&#8220;bottom&#8220; bg_image_animation=&#8220;none&#8220;][vc_column column_padding=&#8220;no-extra-padding&#8220; column_padding_tablet=&#8220;inherit&#8220; column_padding_phone=&#8220;inherit&#8220; column_padding_position=&#8220;all&#8220; column_element_spacing=&#8220;default&#8220; background_color_opacity=&#8220;1&#8243; background_hover_color_opacity=&#8220;1&#8243; column_shadow=&#8220;none&#8220; column_border_radius=&#8220;none&#8220; column_link_target=&#8220;_self&#8220; gradient_direction=&#8220;left_to_right&#8220; overlay_strength=&#8220;0.3&#8243; width=&#8220;1\/1&#8243; tablet_width_inherit=&#8220;default&#8220; tablet_text_alignment=&#8220;default&#8220; phone_text_alignment=&#8220;default&#8220; bg_image_animation=&#8220;none&#8220; border_type=&#8220;simple&#8220; column_border_width=&#8220;none&#8220; column_border_style=&#8220;solid&#8220;][vc_row_inner column_margin=&#8220;default&#8220; column_direction=&#8220;default&#8220; column_direction_tablet=&#8220;default&#8220; column_direction_phone=&#8220;default&#8220; text_align=&#8220;left&#8220;][vc_column_inner column_padding=&#8220;no-extra-padding&#8220; column_padding_tablet=&#8220;inherit&#8220; column_padding_phone=&#8220;inherit&#8220; column_padding_position=&#8220;all&#8220; column_element_spacing=&#8220;default&#8220; background_color_opacity=&#8220;1&#8243; background_hover_color_opacity=&#8220;1&#8243; column_shadow=&#8220;none&#8220; column_border_radius=&#8220;none&#8220; column_link_target=&#8220;_self&#8220; gradient_direction=&#8220;left_to_right&#8220; overlay_strength=&#8220;0.3&#8243; width=&#8220;1\/1&#8243; tablet_width_inherit=&#8220;default&#8220; bg_image_animation=&#8220;none&#8220; border_type=&#8220;simple&#8220; column_border_width=&#8220;none&#8220; column_border_style=&#8220;solid&#8220;][divider line_type=&#8220;No Line&#8220; custom_height=&#8220;20&#8243;][vc_column_text]\n<div><\/div>\n<div>\n<p><span style=\"color: #003366;\"><strong>Wie w\u00fcrdet Ihr Ziele f\u00fcr nachhaltige Entwicklung (Sustainable Development Goals, SDGs) in einem Bild festhalten? Diese Frage haben wir letztes Jahr den Sch\u00fclern der Klasse 2TPTI des Luxemburger Lyc\u00e9e des Arts et M\u00e9tiers gestellt.<\/strong><\/span><\/p>\n<p>Die folgenden Bilder wurden von den Sch\u00fclern des Luxemburger <a href=\"https:\/\/www.artsetmetiers.lu\/\" target=\"_blank\" rel=\"noopener\"><span style=\"color: #003366;\">Lyc\u00e9e des Arts et M\u00e9tiers<\/span><\/a> unter Anleitung ihres Lehrers Herrn Joseph Tomassini aufgenommen. Sie sollten SDGs in Luxemburg darstellen, von unerreichten Zielen bis hin zu Aktivit\u00e4ten mit einem Bezug zu Nachhaltigkeit und Vielfalt.<\/p>\n<p><a href=\"https:\/\/sdgs.un.org\/goals\" target=\"_blank\" rel=\"noopener\"><span style=\"color: #003366;\">Die Sustainable Development Goals (SDGs)<\/span><\/a> sind 17 Ziele, die alle L\u00e4nder zum dringenden Handeln auffordern. Sie wurden 2015 von den Mitgliedstaaten der Vereinten Nationen als Teil ihrer Agenda 2030 f\u00fcr nachhaltige Entwicklung verabschiedet. Die SDGs erkennen an, dass die Beendigung von Armut und anderen Entbehrungen mit Strategien einhergehen muss, die Gesundheit und Bildung verbessern, Ungleichheit verringern und das Wirtschaftswachstum ankurbeln \u2013 und das alles bei gleichzeitiger Bek\u00e4mpfung des Klimawandels und dem Einsatz f\u00fcr den Erhalt unserer Ozeane und W\u00e4lder. Zu diesen Zielen geh\u00f6ren: Klimaschutz, Bek\u00e4mpfung von Armut, nachhaltige St\u00e4dte und Gemeinden, Bek\u00e4mpfung von Hunger, bezahlbare und saubere Energie.<\/p>\n<p>Ein gro\u00dfes Dankesch\u00f6n an alle unten aufgef\u00fchrten Sch\u00fcler f\u00fcr die Aufnahme dieser Bilder und f\u00fcr ihre Bem\u00fchungen. Diese Fotos haben f\u00fcr das LSFI eine sehr wichtige Rolle gespielt. Viele davon haben uns geholfen, die <a href=\"https:\/\/lsfi.lu\/luxembourg-sustainable-finance-strategy\/\" target=\"_blank\" rel=\"noopener\"><span style=\"color: #003366;\">Luxembourg Sustainable Finance Strategy<\/span><\/a> zu veranschaulichen.<\/p>\n<\/div>\n[\/vc_column_text][\/vc_column_inner][\/vc_row_inner][vc_column_text]<span style=\"color: #003366;\"><em>Sch\u00fcler der Klasse 2TPTI (2021) des Luxemburger Lyc\u00e9e des Arts et M\u00e9tiers:<\/em><\/span>[\/vc_column_text][vc_row_inner column_margin=&#8220;default&#8220; column_direction=&#8220;default&#8220; column_direction_tablet=&#8220;default&#8220; column_direction_phone=&#8220;default&#8220; text_align=&#8220;left&#8220;][vc_column_inner column_padding=&#8220;no-extra-padding&#8220; column_padding_tablet=&#8220;inherit&#8220; column_padding_phone=&#8220;inherit&#8220; column_padding_position=&#8220;all&#8220; column_element_spacing=&#8220;default&#8220; background_color_opacity=&#8220;1&#8243; background_hover_color_opacity=&#8220;1&#8243; column_shadow=&#8220;none&#8220; column_border_radius=&#8220;none&#8220; column_link_target=&#8220;_self&#8220; gradient_direction=&#8220;left_to_right&#8220; overlay_strength=&#8220;0.3&#8243; width=&#8220;1\/2&#8243; tablet_width_inherit=&#8220;default&#8220; bg_image_animation=&#8220;none&#8220; border_type=&#8220;simple&#8220; column_border_width=&#8220;none&#8220; column_border_style=&#8220;solid&#8220;][vc_column_text]\n<ul>\n<li>Cristantielli, Sarah<\/li>\n<li>Fernandes Neto Costa, Duarte<\/li>\n<li>Folschette, Rebecca<\/li>\n<li>Gelhay, Jason<\/li>\n<li>Gilles, Maya<\/li>\n<\/ul>\n[\/vc_column_text][\/vc_column_inner][vc_column_inner column_padding=&#8220;no-extra-padding&#8220; column_padding_tablet=&#8220;inherit&#8220; column_padding_phone=&#8220;inherit&#8220; column_padding_position=&#8220;all&#8220; column_element_spacing=&#8220;default&#8220; background_color_opacity=&#8220;1&#8243; background_hover_color_opacity=&#8220;1&#8243; column_shadow=&#8220;none&#8220; column_border_radius=&#8220;none&#8220; column_link_target=&#8220;_self&#8220; gradient_direction=&#8220;left_to_right&#8220; overlay_strength=&#8220;0.3&#8243; width=&#8220;1\/2&#8243; tablet_width_inherit=&#8220;default&#8220; bg_image_animation=&#8220;none&#8220; border_type=&#8220;simple&#8220; column_border_width=&#8220;none&#8220; column_border_style=&#8220;solid&#8220;][vc_column_text]\n<ul>\n<li>Gon\u00e7alves Dos Santos, Magalie<\/li>\n<li>Kremer, Max<img decoding=\"async\" class=\"wp-image-3170 size-medium alignright\" src=\"https:\/\/lsfi.lu\/wp-content\/uploads\/2022\/01\/Screenshot-2022-01-21-at-17.41.45-300x56.png\" alt=\"\" width=\"300\" height=\"56\" srcset=\"https:\/\/lsfi.lu\/wp-content\/uploads\/2022\/01\/Screenshot-2022-01-21-at-17.41.45-300x56.png 300w, https:\/\/lsfi.lu\/wp-content\/uploads\/2022\/01\/Screenshot-2022-01-21-at-17.41.45-1024x190.png 1024w, https:\/\/lsfi.lu\/wp-content\/uploads\/2022\/01\/Screenshot-2022-01-21-at-17.41.45-768x143.png 768w, https:\/\/lsfi.lu\/wp-content\/uploads\/2022\/01\/Screenshot-2022-01-21-at-17.41.45-1536x285.png 1536w, https:\/\/lsfi.lu\/wp-content\/uploads\/2022\/01\/Screenshot-2022-01-21-at-17.41.45-2048x380.png 2048w\" sizes=\"(max-width: 300px) 100vw, 300px\" \/><\/li>\n<li>Tanson, Paul<\/li>\n<li>Tenkes, Mike<\/li>\n<li>Winiarski, Oriana<\/li>\n<\/ul>\n[\/vc_column_text][\/vc_column_inner][\/vc_row_inner][vc_column_text]<strong><span style=\"color: #003366;\">Bilder Galerie:\u00a0<\/span><\/strong>[\/vc_column_text][vc_gallery type=&#8220;flickity_static_height_style&#8220; images=&#8220;2984,2985,2966,2992,2993,2994,2996,2997,3000,3001,3002,3008,3007,3006,3010,3014,3015,3016,3017&#8243; flickity_spacing=&#8220;default&#8220; flickity_controls=&#8220;pagination&#8220; flickity_overflow=&#8220;hidden&#8220; flickity_wrap_around=&#8220;wrap&#8220; flickity_autoplay=&#8220;true&#8220; flickity_box_shadow=&#8220;large_depth&#8220; image_loading=&#8220;default&#8220; onclick=&#8220;link_no&#8220;][\/vc_column][\/vc_row]\n","protected":false},"excerpt":{"rendered":"<p>[vc_row type=&#8220;full_width_background&#8220; full_screen_row_position=&#8220;middle&#8220; column_margin=&#8220;default&#8220; column_direction=&#8220;default&#8220; column_direction_tablet=&#8220;default&#8220; column_direction_phone=&#8220;default&#8220; bg_color=&#8220;#ffffff&#8220; bg_image=&#8220;2975&#8243; bg_position=&#8220;center center&#8220; background_image_loading=&#8220;default&#8220; bg_repeat=&#8220;no-repeat&#8220; scene_position=&#8220;center&#8220; top_padding=&#8220;14%&#8220; bottom_padding=&#8220;12%&#8220; text_color=&#8220;light&#8220; text_align=&#8220;left&#8220; row_border_radius=&#8220;none&#8220; row_border_radius_applies=&#8220;bg&#8220; enable_gradient=&#8220;true&#8220; color_overlay=&#8220;#0a0000&#8243; color_overlay_2=&#8220;rgba(10,10,10,0.5)&#8220; overlay_strength=&#8220;0.5&#8243; gradient_direction=&#8220;left_to_right&#8220; shape_divider_color=&#8220;#ffffff&#8220; shape_divider_position=&#8220;bottom&#8220; shape_divider_height=&#8220;350&#8243; bg_image_animation=&#8220;none&#8220; parallax_bg=&#8220;true&#8220;&#8230;<\/p>\n","protected":false},"author":3,"featured_media":0,"parent":0,"menu_order":0,"comment_status":"closed","ping_status":"closed","template":"","meta":{"_acf_changed":false,"inline_featured_image":false,"footnotes":""},"class_list":["post-4621","page","type-page","status-publish"],"acf":[],"yoast_head":"<!-- This site is optimized with the Yoast SEO plugin v27.3 - https:\/\/yoast.com\/product\/yoast-seo-wordpress\/ -->\n<title>Lyc\u00e9e des Art et M\u00e9tiers - LSFI<\/title>\n<meta name=\"robots\" content=\"index, follow, max-snippet:-1, max-image-preview:large, max-video-preview:-1\" \/>\n<link rel=\"canonical\" href=\"https:\/\/lsfi.lu\/de\/lycee-des-art-et-metiers\/\" \/>\n<meta property=\"og:locale\" content=\"de_DE\" \/>\n<meta property=\"og:type\" content=\"article\" \/>\n<meta property=\"og:title\" content=\"Lyc\u00e9e des Art et M\u00e9tiers - LSFI\" \/>\n<meta property=\"og:description\" content=\"[vc_row type=&#8220;full_width_background&#8220; full_screen_row_position=&#8220;middle&#8220; column_margin=&#8220;default&#8220; column_direction=&#8220;default&#8220; column_direction_tablet=&#8220;default&#8220; column_direction_phone=&#8220;default&#8220; bg_color=&#8220;#ffffff&#8220; bg_image=&#8220;2975&#8243; bg_position=&#8220;center center&#8220; background_image_loading=&#8220;default&#8220; bg_repeat=&#8220;no-repeat&#8220; scene_position=&#8220;center&#8220; top_padding=&#8220;14%&#8220; bottom_padding=&#8220;12%&#8220; text_color=&#8220;light&#8220; text_align=&#8220;left&#8220; row_border_radius=&#8220;none&#8220; row_border_radius_applies=&#8220;bg&#8220; enable_gradient=&#8220;true&#8220; color_overlay=&#8220;#0a0000&#8243; color_overlay_2=&#8220;rgba(10,10,10,0.5)&#8220; overlay_strength=&#8220;0.5&#8243; gradient_direction=&#8220;left_to_right&#8220; shape_divider_color=&#8220;#ffffff&#8220; shape_divider_position=&#8220;bottom&#8220; shape_divider_height=&#8220;350&#8243; bg_image_animation=&#8220;none&#8220; parallax_bg=&#8220;true&#8220;...\" \/>\n<meta property=\"og:url\" content=\"https:\/\/lsfi.lu\/de\/lycee-des-art-et-metiers\/\" \/>\n<meta property=\"og:site_name\" content=\"LSFI\" \/>\n<meta property=\"article:modified_time\" content=\"2022-02-24T17:41:15+00:00\" \/>\n<meta property=\"og:image\" content=\"https:\/\/lsfi.lu\/wp-content\/uploads\/2022\/01\/Screenshot-2022-01-21-at-17.41.45-300x56.png\" \/>\n<meta name=\"twitter:card\" content=\"summary_large_image\" \/>\n<meta name=\"twitter:label1\" content=\"Gesch\u00e4tzte Lesezeit\" \/>\n\t<meta name=\"twitter:data1\" content=\"6\u00a0Minuten\" \/>\n<script type=\"application\/ld+json\" class=\"yoast-schema-graph\">{\"@context\":\"https:\\\/\\\/schema.org\",\"@graph\":[{\"@type\":\"WebPage\",\"@id\":\"https:\\\/\\\/lsfi.lu\\\/de\\\/lycee-des-art-et-metiers\\\/\",\"url\":\"https:\\\/\\\/lsfi.lu\\\/de\\\/lycee-des-art-et-metiers\\\/\",\"name\":\"Lyc\u00e9e des Art et M\u00e9tiers - LSFI\",\"isPartOf\":{\"@id\":\"https:\\\/\\\/lsfi.lu\\\/de\\\/#website\"},\"primaryImageOfPage\":{\"@id\":\"https:\\\/\\\/lsfi.lu\\\/de\\\/lycee-des-art-et-metiers\\\/#primaryimage\"},\"image\":{\"@id\":\"https:\\\/\\\/lsfi.lu\\\/de\\\/lycee-des-art-et-metiers\\\/#primaryimage\"},\"thumbnailUrl\":\"https:\\\/\\\/lsfi.lu\\\/wp-content\\\/uploads\\\/2022\\\/01\\\/Screenshot-2022-01-21-at-17.41.45-300x56.png\",\"datePublished\":\"2022-01-07T16:30:26+00:00\",\"dateModified\":\"2022-02-24T17:41:15+00:00\",\"breadcrumb\":{\"@id\":\"https:\\\/\\\/lsfi.lu\\\/de\\\/lycee-des-art-et-metiers\\\/#breadcrumb\"},\"inLanguage\":\"de\",\"potentialAction\":[{\"@type\":\"ReadAction\",\"target\":[\"https:\\\/\\\/lsfi.lu\\\/de\\\/lycee-des-art-et-metiers\\\/\"]}]},{\"@type\":\"ImageObject\",\"inLanguage\":\"de\",\"@id\":\"https:\\\/\\\/lsfi.lu\\\/de\\\/lycee-des-art-et-metiers\\\/#primaryimage\",\"url\":\"https:\\\/\\\/lsfi.lu\\\/wp-content\\\/uploads\\\/2022\\\/01\\\/Screenshot-2022-01-21-at-17.41.45-300x56.png\",\"contentUrl\":\"https:\\\/\\\/lsfi.lu\\\/wp-content\\\/uploads\\\/2022\\\/01\\\/Screenshot-2022-01-21-at-17.41.45-300x56.png\"},{\"@type\":\"BreadcrumbList\",\"@id\":\"https:\\\/\\\/lsfi.lu\\\/de\\\/lycee-des-art-et-metiers\\\/#breadcrumb\",\"itemListElement\":[{\"@type\":\"ListItem\",\"position\":1,\"name\":\"Home\",\"item\":\"https:\\\/\\\/lsfi.lu\\\/de\\\/\"},{\"@type\":\"ListItem\",\"position\":2,\"name\":\"Lyc\u00e9e des Art et M\u00e9tiers\"}]},{\"@type\":\"WebSite\",\"@id\":\"https:\\\/\\\/lsfi.lu\\\/de\\\/#website\",\"url\":\"https:\\\/\\\/lsfi.lu\\\/de\\\/\",\"name\":\"Luxembourg Sustainable Finance Initiative\",\"description\":\"Luxembourg Sustainable Finance Initiative\",\"publisher\":{\"@id\":\"https:\\\/\\\/lsfi.lu\\\/de\\\/#organization\"},\"alternateName\":\"LSFI\",\"potentialAction\":[{\"@type\":\"SearchAction\",\"target\":{\"@type\":\"EntryPoint\",\"urlTemplate\":\"https:\\\/\\\/lsfi.lu\\\/de\\\/?s={search_term_string}\"},\"query-input\":{\"@type\":\"PropertyValueSpecification\",\"valueRequired\":true,\"valueName\":\"search_term_string\"}}],\"inLanguage\":\"de\"},{\"@type\":\"Organization\",\"@id\":\"https:\\\/\\\/lsfi.lu\\\/de\\\/#organization\",\"name\":\"Luxembourg Sustainable Finance Initiative\",\"alternateName\":\"LSFI\",\"url\":\"https:\\\/\\\/lsfi.lu\\\/de\\\/\",\"logo\":{\"@type\":\"ImageObject\",\"inLanguage\":\"de\",\"@id\":\"https:\\\/\\\/lsfi.lu\\\/de\\\/#\\\/schema\\\/logo\\\/image\\\/\",\"url\":\"https:\\\/\\\/lsfi.lu\\\/wp-content\\\/uploads\\\/2020\\\/09\\\/lsfi-logo-white.svg\",\"contentUrl\":\"https:\\\/\\\/lsfi.lu\\\/wp-content\\\/uploads\\\/2020\\\/09\\\/lsfi-logo-white.svg\",\"width\":\"1024\",\"height\":\"1024\",\"caption\":\"Luxembourg Sustainable Finance Initiative\"},\"image\":{\"@id\":\"https:\\\/\\\/lsfi.lu\\\/de\\\/#\\\/schema\\\/logo\\\/image\\\/\"},\"sameAs\":[\"https:\\\/\\\/www.linkedin.com\\\/company\\\/luxembourgsustainablefinanceinitiative\\\/?viewAsMember=true\",\"https:\\\/\\\/www.youtube.com\\\/channel\\\/UC8ftKnTkUUrN0F8AtXP_UQQ\"]}]}<\/script>\n<!-- \/ Yoast SEO plugin. -->","yoast_head_json":{"title":"Lyc\u00e9e des Art et M\u00e9tiers - LSFI","robots":{"index":"index","follow":"follow","max-snippet":"max-snippet:-1","max-image-preview":"max-image-preview:large","max-video-preview":"max-video-preview:-1"},"canonical":"https:\/\/lsfi.lu\/de\/lycee-des-art-et-metiers\/","og_locale":"de_DE","og_type":"article","og_title":"Lyc\u00e9e des Art et M\u00e9tiers - LSFI","og_description":"[vc_row type=&#8220;full_width_background&#8220; full_screen_row_position=&#8220;middle&#8220; column_margin=&#8220;default&#8220; column_direction=&#8220;default&#8220; column_direction_tablet=&#8220;default&#8220; column_direction_phone=&#8220;default&#8220; bg_color=&#8220;#ffffff&#8220; bg_image=&#8220;2975&#8243; bg_position=&#8220;center center&#8220; background_image_loading=&#8220;default&#8220; bg_repeat=&#8220;no-repeat&#8220; scene_position=&#8220;center&#8220; top_padding=&#8220;14%&#8220; bottom_padding=&#8220;12%&#8220; text_color=&#8220;light&#8220; text_align=&#8220;left&#8220; row_border_radius=&#8220;none&#8220; row_border_radius_applies=&#8220;bg&#8220; enable_gradient=&#8220;true&#8220; color_overlay=&#8220;#0a0000&#8243; color_overlay_2=&#8220;rgba(10,10,10,0.5)&#8220; overlay_strength=&#8220;0.5&#8243; gradient_direction=&#8220;left_to_right&#8220; shape_divider_color=&#8220;#ffffff&#8220; shape_divider_position=&#8220;bottom&#8220; shape_divider_height=&#8220;350&#8243; bg_image_animation=&#8220;none&#8220; parallax_bg=&#8220;true&#8220;...","og_url":"https:\/\/lsfi.lu\/de\/lycee-des-art-et-metiers\/","og_site_name":"LSFI","article_modified_time":"2022-02-24T17:41:15+00:00","og_image":[{"url":"https:\/\/lsfi.lu\/wp-content\/uploads\/2022\/01\/Screenshot-2022-01-21-at-17.41.45-300x56.png","type":"","width":"","height":""}],"twitter_card":"summary_large_image","twitter_misc":{"Gesch\u00e4tzte Lesezeit":"6\u00a0Minuten"},"schema":{"@context":"https:\/\/schema.org","@graph":[{"@type":"WebPage","@id":"https:\/\/lsfi.lu\/de\/lycee-des-art-et-metiers\/","url":"https:\/\/lsfi.lu\/de\/lycee-des-art-et-metiers\/","name":"Lyc\u00e9e des Art et M\u00e9tiers - LSFI","isPartOf":{"@id":"https:\/\/lsfi.lu\/de\/#website"},"primaryImageOfPage":{"@id":"https:\/\/lsfi.lu\/de\/lycee-des-art-et-metiers\/#primaryimage"},"image":{"@id":"https:\/\/lsfi.lu\/de\/lycee-des-art-et-metiers\/#primaryimage"},"thumbnailUrl":"https:\/\/lsfi.lu\/wp-content\/uploads\/2022\/01\/Screenshot-2022-01-21-at-17.41.45-300x56.png","datePublished":"2022-01-07T16:30:26+00:00","dateModified":"2022-02-24T17:41:15+00:00","breadcrumb":{"@id":"https:\/\/lsfi.lu\/de\/lycee-des-art-et-metiers\/#breadcrumb"},"inLanguage":"de","potentialAction":[{"@type":"ReadAction","target":["https:\/\/lsfi.lu\/de\/lycee-des-art-et-metiers\/"]}]},{"@type":"ImageObject","inLanguage":"de","@id":"https:\/\/lsfi.lu\/de\/lycee-des-art-et-metiers\/#primaryimage","url":"https:\/\/lsfi.lu\/wp-content\/uploads\/2022\/01\/Screenshot-2022-01-21-at-17.41.45-300x56.png","contentUrl":"https:\/\/lsfi.lu\/wp-content\/uploads\/2022\/01\/Screenshot-2022-01-21-at-17.41.45-300x56.png"},{"@type":"BreadcrumbList","@id":"https:\/\/lsfi.lu\/de\/lycee-des-art-et-metiers\/#breadcrumb","itemListElement":[{"@type":"ListItem","position":1,"name":"Home","item":"https:\/\/lsfi.lu\/de\/"},{"@type":"ListItem","position":2,"name":"Lyc\u00e9e des Art et M\u00e9tiers"}]},{"@type":"WebSite","@id":"https:\/\/lsfi.lu\/de\/#website","url":"https:\/\/lsfi.lu\/de\/","name":"Luxembourg Sustainable Finance Initiative","description":"Luxembourg Sustainable Finance Initiative","publisher":{"@id":"https:\/\/lsfi.lu\/de\/#organization"},"alternateName":"LSFI","potentialAction":[{"@type":"SearchAction","target":{"@type":"EntryPoint","urlTemplate":"https:\/\/lsfi.lu\/de\/?s={search_term_string}"},"query-input":{"@type":"PropertyValueSpecification","valueRequired":true,"valueName":"search_term_string"}}],"inLanguage":"de"},{"@type":"Organization","@id":"https:\/\/lsfi.lu\/de\/#organization","name":"Luxembourg Sustainable Finance Initiative","alternateName":"LSFI","url":"https:\/\/lsfi.lu\/de\/","logo":{"@type":"ImageObject","inLanguage":"de","@id":"https:\/\/lsfi.lu\/de\/#\/schema\/logo\/image\/","url":"https:\/\/lsfi.lu\/wp-content\/uploads\/2020\/09\/lsfi-logo-white.svg","contentUrl":"https:\/\/lsfi.lu\/wp-content\/uploads\/2020\/09\/lsfi-logo-white.svg","width":"1024","height":"1024","caption":"Luxembourg Sustainable Finance Initiative"},"image":{"@id":"https:\/\/lsfi.lu\/de\/#\/schema\/logo\/image\/"},"sameAs":["https:\/\/www.linkedin.com\/company\/luxembourgsustainablefinanceinitiative\/?viewAsMember=true","https:\/\/www.youtube.com\/channel\/UC8ftKnTkUUrN0F8AtXP_UQQ"]}]}},"_links":{"self":[{"href":"https:\/\/lsfi.lu\/de\/wp-json\/wp\/v2\/pages\/4621","targetHints":{"allow":["GET"]}}],"collection":[{"href":"https:\/\/lsfi.lu\/de\/wp-json\/wp\/v2\/pages"}],"about":[{"href":"https:\/\/lsfi.lu\/de\/wp-json\/wp\/v2\/types\/page"}],"author":[{"embeddable":true,"href":"https:\/\/lsfi.lu\/de\/wp-json\/wp\/v2\/users\/3"}],"replies":[{"embeddable":true,"href":"https:\/\/lsfi.lu\/de\/wp-json\/wp\/v2\/comments?post=4621"}],"version-history":[{"count":0,"href":"https:\/\/lsfi.lu\/de\/wp-json\/wp\/v2\/pages\/4621\/revisions"}],"wp:attachment":[{"href":"https:\/\/lsfi.lu\/de\/wp-json\/wp\/v2\/media?parent=4621"}],"curies":[{"name":"wp","href":"https:\/\/api.w.org\/{rel}","templated":true}]}}